{"id":355,"date":"2025-09-25T11:35:50","date_gmt":"2025-09-25T10:35:50","guid":{"rendered":"https:\/\/ateliern10bymarine.com\/?page_id=355"},"modified":"2025-09-25T11:35:50","modified_gmt":"2025-09-25T10:35:50","slug":"contact","status":"publish","type":"page","link":"https:\/\/ateliern10bymarine.com\/es\/contact\/","title":{"rendered":"Contacto"},"content":{"rendered":"<style>.kb-row-layout-id_12947e-16 > .kt-row-column-wrap{align-content:center;}:where(.kb-row-layout-id_12947e-16 > .kt-row-column-wrap) > .wp-block-kadence-column{justify-content:center;}.kb-row-layout-id_12947e-16 > .kt-row-column-wrap{column-gap:var(--global-kb-gap-md, 2rem);row-gap:var(--global-kb-gap-md, 2rem);padding-top:25px;padding-right:25px;padding-bottom:25px;padding-left:20px;grid-template-columns:minmax(0, calc(55% - ((var(--global-kb-gap-md, 2rem) * 1 )\/2)))minmax(0, calc(45% - ((var(--global-kb-gap-md, 2rem) * 1 )\/2)));}.kb-row-layout-id_12947e-16 > .kt-row-layout-overlay{opacity:0.30;}@media all and (max-width: 1024px){.kb-row-layout-id_12947e-16 > .kt-row-column-wrap{grid-template-columns:minmax(0, 2fr) minmax(0, 1fr);}}@media all and (max-width: 767px){.kb-row-layout-id_12947e-16 > .kt-row-column-wrap{grid-template-columns:minmax(0, 1fr);}}<\/style><div class=\"kb-row-layout-wrap kb-row-layout-id_12947e-16 alignnone wp-block-kadence-rowlayout\"><div class=\"kt-row-column-wrap kt-has-2-columns kt-row-layout-left-golden kt-tab-layout-inherit kt-mobile-layout-row kt-row-valign-middle\">\n<style>.kadence-column_aa731e-bc > .kt-inside-inner-col,.kadence-column_aa731e-bc > .kt-inside-inner-col:before{border-top-left-radius:0px;border-top-right-radius:0px;border-bottom-right-radius:0px;border-bottom-left-radius:0px;}.kadence-column_aa731e-bc > .kt-inside-inner-col{column-gap:var(--global-kb-gap-sm, 1rem);}.kadence-column_aa731e-bc > .kt-inside-inner-col{flex-direction:column;}.kadence-column_aa731e-bc > .kt-inside-inner-col > .aligncenter{width:100%;}.kadence-column_aa731e-bc > .kt-inside-inner-col:before{opacity:0.3;}.kadence-column_aa731e-bc{position:relative;}@media all and (max-width: 1024px){.kadence-column_aa731e-bc > .kt-inside-inner-col{flex-direction:column;justify-content:center;}}@media all and (max-width: 767px){.kadence-column_aa731e-bc > .kt-inside-inner-col{flex-direction:column;justify-content:center;}}<\/style>\n<div class=\"wp-block-kadence-column kadence-column_aa731e-bc inner-column-1\"><div class=\"kt-inside-inner-col\"><style>.kb-google-maps-container_be0bea-1d{height:450px;padding-right:30px;padding-left:30px;}<\/style>\n<div class=\"kb-google-maps-container kb-google-maps-container_be0bea-1d\" data-mapid=\"_be0bea-1d\"><iframe width=\"100%\" height=\"100%\" style=\"border:0\" loading=\"lazy\" src=\"https:\/\/www.google.com\/maps\/embed\/v1\/place?key=AIzaSyBAM2o7PiQqwk15LC1XRH2e_KJ-jUa7KYk&amp;zoom=11&amp;maptype=roadmap&amp;q=Atelier%20N10%20by%20Marine\"><\/iframe><\/div>\n<script>function kb_google_map_be0bea1d() { let center = { lat: 37.8201, lng: -122.4781}; let map = new google.maps.Map(document.getElementById(\"kb-google-map_be0bea1d\"), {\n\t\t\t\t\t    zoom: 11,\n\t\t\t\t\t    center: center,});let marker = new google.maps.Marker({   position: { lat: 37.8201, lng: -122.4781},    map: map,  });}<\/script><\/div><\/div>\n\n\n<style>.kadence-column_483d95-c6 > .kt-inside-inner-col{display:flex;}.kadence-column_483d95-c6 > .kt-inside-inner-col,.kadence-column_483d95-c6 > .kt-inside-inner-col:before{border-top-left-radius:0px;border-top-right-radius:0px;border-bottom-right-radius:0px;border-bottom-left-radius:0px;}.kadence-column_483d95-c6 > .kt-inside-inner-col{column-gap:var(--global-kb-gap-sm, 1rem);}.kadence-column_483d95-c6 > .kt-inside-inner-col{flex-direction:column;justify-content:center;}.kadence-column_483d95-c6 > .kt-inside-inner-col > .aligncenter{width:100%;}.kt-row-column-wrap > .kadence-column_483d95-c6{align-self:center;}.kt-inner-column-height-full:not(.kt-has-1-columns) > .wp-block-kadence-column.kadence-column_483d95-c6{align-self:auto;}.kt-inner-column-height-full:not(.kt-has-1-columns) > .wp-block-kadence-column.kadence-column_483d95-c6 > .kt-inside-inner-col{flex-direction:column;justify-content:center;}.kadence-column_483d95-c6 > .kt-inside-inner-col:before{opacity:0.3;}.kadence-column_483d95-c6{position:relative;}@media all and (max-width: 1024px){.kt-row-column-wrap > .kadence-column_483d95-c6{align-self:center;}}@media all and (max-width: 1024px){.kt-inner-column-height-full:not(.kt-has-1-columns) > .wp-block-kadence-column.kadence-column_483d95-c6{align-self:auto;}}@media all and (max-width: 1024px){.kt-inner-column-height-full:not(.kt-has-1-columns) > .wp-block-kadence-column.kadence-column_483d95-c6 > .kt-inside-inner-col{flex-direction:column;justify-content:center;}}@media all and (max-width: 1024px){.kadence-column_483d95-c6 > .kt-inside-inner-col{flex-direction:column;justify-content:center;}}@media all and (max-width: 767px){.kt-row-column-wrap > .kadence-column_483d95-c6{align-self:center;}.kt-inner-column-height-full:not(.kt-has-1-columns) > .wp-block-kadence-column.kadence-column_483d95-c6{align-self:auto;}.kt-inner-column-height-full:not(.kt-has-1-columns) > .wp-block-kadence-column.kadence-column_483d95-c6 > .kt-inside-inner-col{flex-direction:column;justify-content:center;}.kadence-column_483d95-c6 > .kt-inside-inner-col{flex-direction:column;justify-content:center;}}<\/style>\n<div class=\"wp-block-kadence-column kadence-column_483d95-c6 inner-column-2\"><div class=\"kt-inside-inner-col\"><style>.kadence-column_9d08ab-c9 > .kt-inside-inner-col,.kadence-column_9d08ab-c9 > .kt-inside-inner-col:before{border-top-left-radius:0px;border-top-right-radius:0px;border-bottom-right-radius:0px;border-bottom-left-radius:0px;}.kadence-column_9d08ab-c9 > .kt-inside-inner-col{column-gap:var(--global-kb-gap-sm, 1rem);}.kadence-column_9d08ab-c9 > .kt-inside-inner-col{flex-direction:column;}.kadence-column_9d08ab-c9 > .kt-inside-inner-col > .aligncenter{width:100%;}.kadence-column_9d08ab-c9 > .kt-inside-inner-col:before{opacity:0.3;}.kadence-column_9d08ab-c9{position:relative;}@media all and (max-width: 1024px){.kadence-column_9d08ab-c9 > .kt-inside-inner-col{flex-direction:column;justify-content:center;}}@media all and (max-width: 767px){.kadence-column_9d08ab-c9 > .kt-inside-inner-col{flex-direction:column;justify-content:center;}}<\/style>\n<div class=\"wp-block-kadence-column kadence-column_9d08ab-c9 inner-column-1\"><div class=\"kt-inside-inner-col\"><style>.wp-block-kadence-advancedheading.kt-adv-heading_75806d-7c, .wp-block-kadence-advancedheading.kt-adv-heading_75806d-7c[data-kb-block=\"kb-adv-heading_75806d-7c\"]{line-height:16px;font-style:normal;}.wp-block-kadence-advancedheading.kt-adv-heading_75806d-7c mark.kt-highlight, .wp-block-kadence-advancedheading.kt-adv-heading_75806d-7c[data-kb-block=\"kb-adv-heading_75806d-7c\"] mark.kt-highlight{font-style:normal;color:#f76a0c;-webkit-box-decoration-break:clone;box-decoration-break:clone;padding-top:0px;padding-right:0px;padding-bottom:0px;padding-left:0px;}.wp-block-kadence-advancedheading.kt-adv-heading_75806d-7c img.kb-inline-image, .wp-block-kadence-advancedheading.kt-adv-heading_75806d-7c[data-kb-block=\"kb-adv-heading_75806d-7c\"] img.kb-inline-image{width:150px;vertical-align:baseline;}<\/style>\n<h2 class=\"kt-adv-heading_75806d-7c wp-block-kadence-advancedheading\" data-kb-block=\"kb-adv-heading_75806d-7c\">L&rsquo;Atelier N10 <em>by Marine<\/em><\/h2>\n\n\n\n<p class=\"has-small-font-size\">Carrer de les Carolines, 5, 08012 Barcelona, Espa\u00f1a<\/p>\n\n\n<style>.wp-block-kadence-advancedheading.kt-adv-heading_5eb242-c8, .wp-block-kadence-advancedheading.kt-adv-heading_5eb242-c8[data-kb-block=\"kb-adv-heading_5eb242-c8\"]{line-height:16px;font-style:normal;}.wp-block-kadence-advancedheading.kt-adv-heading_5eb242-c8 mark.kt-highlight, .wp-block-kadence-advancedheading.kt-adv-heading_5eb242-c8[data-kb-block=\"kb-adv-heading_5eb242-c8\"] mark.kt-highlight{font-style:normal;color:#f76a0c;-webkit-box-decoration-break:clone;box-decoration-break:clone;padding-top:0px;padding-right:0px;padding-bottom:0px;padding-left:0px;}.wp-block-kadence-advancedheading.kt-adv-heading_5eb242-c8 img.kb-inline-image, .wp-block-kadence-advancedheading.kt-adv-heading_5eb242-c8[data-kb-block=\"kb-adv-heading_5eb242-c8\"] img.kb-inline-image{width:150px;vertical-align:baseline;}<\/style>\n<h2 class=\"kt-adv-heading_5eb242-c8 wp-block-kadence-advancedheading\" data-kb-block=\"kb-adv-heading_5eb242-c8\">Horaires<\/h2>\n\n\n\n<p class=\"has-small-font-size\">Mardi au vendredi : 11h &#8211; 20h<br>Samedi : 11h &#8211; 14h<\/p>\n\n\n<style>.wp-block-kadence-advancedheading.kt-adv-heading_07bbd8-23, .wp-block-kadence-advancedheading.kt-adv-heading_07bbd8-23[data-kb-block=\"kb-adv-heading_07bbd8-23\"]{line-height:16px;font-style:normal;}.wp-block-kadence-advancedheading.kt-adv-heading_07bbd8-23 mark.kt-highlight, .wp-block-kadence-advancedheading.kt-adv-heading_07bbd8-23[data-kb-block=\"kb-adv-heading_07bbd8-23\"] mark.kt-highlight{font-style:normal;color:#f76a0c;-webkit-box-decoration-break:clone;box-decoration-break:clone;padding-top:0px;padding-right:0px;padding-bottom:0px;padding-left:0px;}.wp-block-kadence-advancedheading.kt-adv-heading_07bbd8-23 img.kb-inline-image, .wp-block-kadence-advancedheading.kt-adv-heading_07bbd8-23[data-kb-block=\"kb-adv-heading_07bbd8-23\"] img.kb-inline-image{width:150px;vertical-align:baseline;}<\/style>\n<h2 class=\"kt-adv-heading_07bbd8-23 wp-block-kadence-advancedheading\" data-kb-block=\"kb-adv-heading_07bbd8-23\">Informations<\/h2>\n\n\n\n<p class=\"has-small-font-size\">Pour toute demande d\u2019informations, de devis ou r\u00e9servation, vous pouvez me contacter par WhatsApp. Je vous r\u00e9pondrai dans les plus brefs d\u00e9lais. <\/p>\n\n\n\n<div class=\"wp-block-buttons has-custom-font-size has-small-font-size is-horizontal is-content-justification-center is-layout-flex wp-container-core-buttons-is-layout-937ffba9 wp-block-buttons-is-layout-flex\">\n<div class=\"wp-block-button aligncenter has-custom-width wp-block-button__width-50 is-style-fill\"><a class=\"wp-block-button__link wp-element-button\" href=\"https:\/\/wa.me\/34611407557\" target=\"_blank\" rel=\"noreferrer noopener\">Me contacter<\/a><\/div>\n<\/div>\n<\/div><\/div>\n<\/div><\/div>\n\n<\/div><\/div>","protected":false},"excerpt":{"rendered":"<p>L&rsquo;Atelier N10 by Marine Carrer de les Carolines, 5, 08012 Barcelona, Espa\u00f1a Horaires Mardi au vendredi : 11h &#8211; 20hSamedi : 11h &#8211; 14h Informations Pour toute demande d\u2019informations, de devis ou r\u00e9servation, vous pouvez me contacter par WhatsApp. Je vous r\u00e9pondrai dans les plus brefs d\u00e9lais.<\/p>","protected":false},"author":1,"featured_media":0,"parent":0,"menu_order":0,"comment_status":"closed","ping_status":"closed","template":"","meta":{"_kad_post_transparent":"","_kad_post_title":"hide","_kad_post_layout":"fullwidth","_kad_post_sidebar_id":"","_kad_post_content_style":"unboxed","_kad_post_vertical_padding":"","_kad_post_feature":"","_kad_post_feature_position":"","_kad_post_header":false,"_kad_post_footer":false,"footnotes":""},"class_list":["post-355","page","type-page","status-publish","hentry"],"_links":{"self":[{"href":"https:\/\/ateliern10bymarine.com\/es\/wp-json\/wp\/v2\/pages\/355","targetHints":{"allow":["GET"]}}],"collection":[{"href":"https:\/\/ateliern10bymarine.com\/es\/wp-json\/wp\/v2\/pages"}],"about":[{"href":"https:\/\/ateliern10bymarine.com\/es\/wp-json\/wp\/v2\/types\/page"}],"author":[{"embeddable":true,"href":"https:\/\/ateliern10bymarine.com\/es\/wp-json\/wp\/v2\/users\/1"}],"replies":[{"embeddable":true,"href":"https:\/\/ateliern10bymarine.com\/es\/wp-json\/wp\/v2\/comments?post=355"}],"version-history":[{"count":78,"href":"https:\/\/ateliern10bymarine.com\/es\/wp-json\/wp\/v2\/pages\/355\/revisions"}],"predecessor-version":[{"id":711,"href":"https:\/\/ateliern10bymarine.com\/es\/wp-json\/wp\/v2\/pages\/355\/revisions\/711"}],"wp:attachment":[{"href":"https:\/\/ateliern10bymarine.com\/es\/wp-json\/wp\/v2\/media?parent=355"}],"curies":[{"name":"wp","href":"https:\/\/api.w.org\/{rel}","templated":true}]}}